{"id":85,"date":"2024-05-25T21:07:09","date_gmt":"2024-05-25T19:07:09","guid":{"rendered":"https:\/\/mccreation.ovh\/?page_id=85"},"modified":"2024-06-30T17:10:51","modified_gmt":"2024-06-30T15:10:51","slug":"accueil","status":"publish","type":"page","link":"https:\/\/mccreation.ovh\/","title":{"rendered":"Accueil"},"content":{"rendered":"\n<figure class=\"wp-block-image aligncenter size-full\"><img loading=\"lazy\" decoding=\"async\" width=\"889\" height=\"890\" src=\"https:\/\/mccreation.ovh\/wp-content\/uploads\/2024\/06\/M-Ctransp.png\" alt=\"\" class=\"wp-image-268\" srcset=\"https:\/\/mccreation.ovh\/wp-content\/uploads\/2024\/06\/M-Ctransp.png 889w, https:\/\/mccreation.ovh\/wp-content\/uploads\/2024\/06\/M-Ctransp-300x300.png 300w, https:\/\/mccreation.ovh\/wp-content\/uploads\/2024\/06\/M-Ctransp-150x150.png 150w, https:\/\/mccreation.ovh\/wp-content\/uploads\/2024\/06\/M-Ctransp-768x769.png 768w\" sizes=\"auto, (max-width: 889px) 100vw, 889px\" \/><\/figure>\n\n\n\n<p>&nbsp;<\/p>\n\n\n\n<div class=\"wp-block-group alignfull has-background-color has-global-padding is-layout-constrained wp-container-core-group-is-layout-5d2f8bdc wp-block-group-is-layout-constrained\" style=\"margin-top:0;margin-bottom:0;padding-top:var(--wp--preset--spacing--40);padding-right:var(--wp--preset--spacing--30);padding-bottom:var(--wp--preset--spacing--40);padding-left:var(--wp--preset--spacing--30)\">\n<table style=\"border-collapse: collapse; width: 100%;\">\n<tbody>\n<tr>\n<td style=\"width: 8.65586%;\">\u00a0<\/td>\n<td style=\"width: 82.0429%; text-align: justify;\"><span class=\"OYPEnA text-decoration-none text-strikethrough-none\">Notre entreprise, situ\u00e9e \u00e0 Belfort (90), propose la fabrication et la personnalisation d&rsquo;objets, d\u00e9coration, bijoux, lampes, horloges, vaisselle, gourdes, jouets en bois\u2026 Vous pouvez aussi nous confier vos biens pour les rendre uniques.<\/span><\/td>\n<td style=\"width: 9.30105%;\">\u00a0<\/td>\n<\/tr>\n<\/tbody>\n<\/table>\n\n\n\n\n<\/div>\n\n\n\n<p class=\"has-text-align-center has-medium-font-size\">www.mccreation.ovh &#8211; 2024<\/p>\n","protected":false},"excerpt":{"rendered":"<p>&nbsp; \u00a0 Notre entreprise, situ\u00e9e \u00e0 Belfort (90), propose la fabrication et la personnalisation d&rsquo;objets, d\u00e9coration, bijoux, lampes, horloges, vaisselle, gourdes, jouets en bois\u2026 Vous pouvez aussi nous confier vos biens pour les rendre uniques. \u00a0 www.mccreation.ovh &#8211; 2024<\/p>\n","protected":false},"author":2,"featured_media":0,"parent":0,"menu_order":0,"comment_status":"closed","ping_status":"closed","template":"","meta":{"footnotes":""},"class_list":["post-85","page","type-page","status-publish","hentry"],"_links":{"self":[{"href":"https:\/\/mccreation.ovh\/index.php\/wp-json\/wp\/v2\/pages\/85","targetHints":{"allow":["GET"]}}],"collection":[{"href":"https:\/\/mccreation.ovh\/index.php\/wp-json\/wp\/v2\/pages"}],"about":[{"href":"https:\/\/mccreation.ovh\/index.php\/wp-json\/wp\/v2\/types\/page"}],"author":[{"embeddable":true,"href":"https:\/\/mccreation.ovh\/index.php\/wp-json\/wp\/v2\/users\/2"}],"replies":[{"embeddable":true,"href":"https:\/\/mccreation.ovh\/index.php\/wp-json\/wp\/v2\/comments?post=85"}],"version-history":[{"count":92,"href":"https:\/\/mccreation.ovh\/index.php\/wp-json\/wp\/v2\/pages\/85\/revisions"}],"predecessor-version":[{"id":333,"href":"https:\/\/mccreation.ovh\/index.php\/wp-json\/wp\/v2\/pages\/85\/revisions\/333"}],"wp:attachment":[{"href":"https:\/\/mccreation.ovh\/index.php\/wp-json\/wp\/v2\/media?parent=85"}],"curies":[{"name":"wp","href":"https:\/\/api.w.org\/{rel}","templated":true}]}}